{"id":455,"date":"2020-09-04T09:27:58","date_gmt":"2020-09-04T07:27:58","guid":{"rendered":"http:\/\/wpdemo.archiwp.com\/maxbizz\/?page_id=455"},"modified":"2021-03-11T15:59:12","modified_gmt":"2021-03-11T14:59:12","slug":"rejoindre-le-reseau-lavatrans","status":"publish","type":"page","link":"https:\/\/franchise.lavatrans.com\/index.php\/rejoindre-le-reseau-lavatrans\/","title":{"rendered":"Rejoindre le r\u00e9seau LAVATRANS"},"content":{"rendered":"\t\t<div data-elementor-type=\"wp-page\" data-elementor-id=\"455\" class=\"elementor elementor-455\">\n\t\t\t\t\t\t<section class=\"elementor-section elementor-top-section elementor-element elementor-element-f450c7e elementor-section-full_width elementor-section-height-default elementor-section-height-default wpr-particle-no wpr-jarallax-no wpr-parallax-no wpr-sticky-section-no\" data-id=\"f450c7e\" data-element_type=\"section\" data-e-type=\"section\">\n\t\t\t\t\t\t<div class=\"elementor-container elementor-column-gap-default\">\n\t\t\t\t\t<div class=\"elementor-column elementor-col-100 elementor-top-column elementor-element elementor-element-f6ca06e ot-flex-column-vertical\" data-id=\"f6ca06e\" data-element_type=\"column\" data-e-type=\"column\">\n\t\t\t<div class=\"elementor-widget-wrap\">\n\t\t\t\t\t\t\t<\/div>\n\t\t<\/div>\n\t\t\t\t\t<\/div>\n\t\t<\/section>\n\t\t\t\t<section class=\"elementor-section elementor-top-section elementor-element elementor-element-86d48d0 elementor-section-boxed elementor-section-height-default elementor-section-height-default wpr-particle-no wpr-jarallax-no wpr-parallax-no wpr-sticky-section-no\" data-id=\"86d48d0\" data-element_type=\"section\" data-e-type=\"section\">\n\t\t\t\t\t\t<div class=\"elementor-container elementor-column-gap-default\">\n\t\t\t\t\t<div class=\"elementor-column elementor-col-100 elementor-top-column elementor-element elementor-element-1feabce ot-flex-column-vertical\" data-id=\"1feabce\" data-element_type=\"column\" data-e-type=\"column\">\n\t\t\t<div class=\"elementor-widget-wrap elementor-element-populated\">\n\t\t\t\t\t\t<div class=\"elementor-element elementor-element-030e332 elementor-widget elementor-widget-iheading\" data-id=\"030e332\" data-element_type=\"widget\" data-e-type=\"widget\" data-widget_type=\"iheading.default\">\n\t\t\t\t<div class=\"elementor-widget-container\">\n\t\t\t\t\t\t\t<div class=\"ot-heading\">\r\n\t        <span class=\"is_highlight\">CANDIDATS<\/span>\t        <h3 class=\"main-head\">Devenez franchis\u00e9<\/h3>\t    <\/div>\r\n\t    \t\t\t\t<\/div>\n\t\t\t\t<\/div>\n\t\t\t\t<div class=\"elementor-element elementor-element-588e854 elementor-widget elementor-widget-text-editor\" data-id=\"588e854\" data-element_type=\"widget\" data-e-type=\"widget\" data-widget_type=\"text-editor.default\">\n\t\t\t\t<div class=\"elementor-widget-container\">\n\t\t\t\t\t\t\t\t\t<p>Avant de se rencontrer, nous souhaiterions mieux vous connaitre.<\/p>\t\t\t\t\t\t\t\t<\/div>\n\t\t\t\t<\/div>\n\t\t\t\t<div class=\"elementor-element elementor-element-8b82bbd elementor-widget elementor-widget-text-editor\" data-id=\"8b82bbd\" data-element_type=\"widget\" data-e-type=\"widget\" data-widget_type=\"text-editor.default\">\n\t\t\t\t<div class=\"elementor-widget-container\">\n\t\t\t\t\t\t\t\t\t<p>Salari\u00e9 en reconversion, investisseur, chef d&#8217;entreprise&#8230; <strong>tous les profils sont les bienvenus<\/strong> chez LAVATRANS.<\/p>\t\t\t\t\t\t\t\t<\/div>\n\t\t\t\t<\/div>\n\t\t\t\t<div class=\"elementor-element elementor-element-05f8439 elementor-widget elementor-widget-text-editor\" data-id=\"05f8439\" data-element_type=\"widget\" data-e-type=\"widget\" data-widget_type=\"text-editor.default\">\n\t\t\t\t<div class=\"elementor-widget-container\">\n\t\t\t\t\t\t\t\t\t<p><strong>&#8220;La diversit\u00e9 de parcours et d&#8217;exp\u00e9rience est une force pour notre r\u00e9seau<\/strong>.&#8221;<\/p>\t\t\t\t\t\t\t\t<\/div>\n\t\t\t\t<\/div>\n\t\t\t\t<div class=\"elementor-element elementor-element-491a62f elementor-widget elementor-widget-text-editor\" data-id=\"491a62f\" data-element_type=\"widget\" data-e-type=\"widget\" data-widget_type=\"text-editor.default\">\n\t\t\t\t<div class=\"elementor-widget-container\">\n\t\t\t\t\t\t\t\t\t<p><em>Veuillez remplir le formulaire ci-dessous, nous prendrons contact avec vous dans les plus brefs d\u00e9lais.<\/em><\/p>\t\t\t\t\t\t\t\t<\/div>\n\t\t\t\t<\/div>\n\t\t\t\t\t<\/div>\n\t\t<\/div>\n\t\t\t\t\t<\/div>\n\t\t<\/section>\n\t\t\t\t<section class=\"elementor-section elementor-top-section elementor-element elementor-element-a5be57a elementor-section-full_width elementor-section-height-default elementor-section-height-default wpr-particle-no wpr-jarallax-no wpr-parallax-no wpr-sticky-section-no\" data-id=\"a5be57a\" data-element_type=\"section\" data-e-type=\"section\" data-settings=\"{&quot;background_background&quot;:&quot;classic&quot;}\">\n\t\t\t\t\t\t<div class=\"elementor-container elementor-column-gap-default\">\n\t\t\t\t\t<div class=\"elementor-column elementor-col-100 elementor-top-column elementor-element elementor-element-574fa46 ot-flex-column-vertical\" data-id=\"574fa46\" data-element_type=\"column\" data-e-type=\"column\">\n\t\t\t<div class=\"elementor-widget-wrap elementor-element-populated\">\n\t\t\t\t\t\t<div class=\"elementor-element elementor-element-12e32dc elementor-widget elementor-widget-ictf7\" data-id=\"12e32dc\" data-element_type=\"widget\" data-e-type=\"widget\" data-widget_type=\"ictf7.default\">\n\t\t\t\t<div class=\"elementor-widget-container\">\n\t\t\t\t\t<div class=\"elementor-shortcode maxbizz-cf7-0\">\n<div class=\"wpcf7 no-js\" id=\"wpcf7-f1508-o1\" lang=\"en-US\" dir=\"ltr\" data-wpcf7-id=\"1508\">\n<div class=\"screen-reader-response\"><p role=\"status\" aria-live=\"polite\" aria-atomic=\"true\"><\/p> <ul><\/ul><\/div>\n<form action=\"\/index.php\/wp-json\/wp\/v2\/pages\/455#wpcf7-f1508-o1\" method=\"post\" class=\"wpcf7-form init\" aria-label=\"Contact form\" enctype=\"multipart\/form-data\" novalidate=\"novalidate\" data-status=\"init\">\n<fieldset class=\"hidden-fields-container\"><input type=\"hidden\" name=\"_wpcf7\" value=\"1508\" \/><input type=\"hidden\" name=\"_wpcf7_version\" value=\"6.1.5\" \/><input type=\"hidden\" name=\"_wpcf7_locale\" value=\"en_US\" \/><input type=\"hidden\" name=\"_wpcf7_unit_tag\" value=\"wpcf7-f1508-o1\" \/><input type=\"hidden\" name=\"_wpcf7_container_post\" value=\"0\" \/><input type=\"hidden\" name=\"_wpcf7_posted_data_hash\" value=\"\" \/>\n<\/fieldset>\n<div class=\"main-form\">\n\t<h4>Candidature\n\t<\/h4>\n\t<div class=\"row\">\n\t\t<p class=\"col-md-6\"><span class=\"wpcf7-form-control-wrap\" data-name=\"nom\"><input size=\"40\" maxlength=\"400\" class=\"wpcf7-form-control wpcf7-text wpcf7-validates-as-required\" aria-required=\"true\" aria-invalid=\"false\" placeholder=\"Nom *\" value=\"\" type=\"text\" name=\"nom\" \/><\/span>\n\t\t<\/p>\n\t\t<p class=\"col-md-6\"><span class=\"wpcf7-form-control-wrap\" data-name=\"prenom\"><input size=\"40\" maxlength=\"400\" class=\"wpcf7-form-control wpcf7-text wpcf7-validates-as-required\" aria-required=\"true\" aria-invalid=\"false\" placeholder=\"Pr\u00e9nom *\" value=\"\" type=\"text\" name=\"prenom\" \/><\/span>\n\t\t<\/p>\n\t<\/div>\n\t<div class=\"row\">\n\t\t<p class=\"col-md-6\"><span class=\"wpcf7-form-control-wrap\" data-name=\"telephone\"><input size=\"40\" maxlength=\"400\" class=\"wpcf7-form-control wpcf7-tel wpcf7-validates-as-required wpcf7-text wpcf7-validates-as-tel\" aria-required=\"true\" aria-invalid=\"false\" placeholder=\"T\u00e9l\u00e9phone *\" value=\"\" type=\"tel\" name=\"telephone\" \/><\/span>\n\t\t<\/p>\n\t\t<p class=\"col-md-6\"><span class=\"wpcf7-form-control-wrap\" data-name=\"email\"><input size=\"40\" maxlength=\"400\" class=\"wpcf7-form-control wpcf7-email wpcf7-validates-as-required wpcf7-text wpcf7-validates-as-email\" aria-required=\"true\" aria-invalid=\"false\" placeholder=\"Email *\" value=\"\" type=\"email\" name=\"email\" \/><\/span>\n\t\t<\/p>\n\t<\/div>\n\t<p><span class=\"wpcf7-form-control-wrap\" data-name=\"adresse\"><input size=\"40\" maxlength=\"400\" class=\"wpcf7-form-control wpcf7-text wpcf7-validates-as-required\" aria-required=\"true\" aria-invalid=\"false\" placeholder=\"Adresse *\" value=\"\" type=\"text\" name=\"adresse\" \/><\/span>\n\t<\/p>\n\t<div class=\"row\">\n\t\t<p class=\"col-md-6\"><span class=\"wpcf7-form-control-wrap\" data-name=\"codepostal\"><input size=\"40\" maxlength=\"400\" class=\"wpcf7-form-control wpcf7-text wpcf7-validates-as-required\" aria-required=\"true\" aria-invalid=\"false\" placeholder=\"Code Postal *\" value=\"\" type=\"text\" name=\"codepostal\" \/><\/span>\n\t\t<\/p>\n\t\t<p class=\"col-md-6\"><span class=\"wpcf7-form-control-wrap\" data-name=\"ville\"><input size=\"40\" maxlength=\"400\" class=\"wpcf7-form-control wpcf7-text wpcf7-validates-as-required\" aria-required=\"true\" aria-invalid=\"false\" placeholder=\"Ville *\" value=\"\" type=\"text\" name=\"ville\" \/><\/span>\n\t\t<\/p>\n\t<\/div>\n\t<p><span class=\"wpcf7-form-control-wrap\" data-name=\"question\"><input size=\"40\" maxlength=\"400\" class=\"wpcf7-form-control wpcf7-text\" aria-invalid=\"false\" placeholder=\"Comment avez-vous connu Lavatrans?\" value=\"\" type=\"text\" name=\"question\" \/><\/span>\n\t<\/p>\n\t<div class=\"row\">\n\t\t<p class=\"col-md-6\"><span class=\"wpcf7-form-control-wrap\" data-name=\"apport\"><input class=\"wpcf7-form-control wpcf7-number wpcf7-validates-as-required wpcf7-validates-as-number\" aria-required=\"true\" aria-invalid=\"false\" placeholder=\"Apport Personnel *  \u20ac\" value=\"\" type=\"number\" name=\"apport\" \/><\/span>\n\t\t<\/p>\n\t\t<p class=\"col-md-6\"><span class=\"wpcf7-form-control-wrap\" data-name=\"implantation\"><input size=\"40\" maxlength=\"400\" class=\"wpcf7-form-control wpcf7-text wpcf7-validates-as-required\" aria-required=\"true\" aria-invalid=\"false\" placeholder=\"Lieu d&#039;implantation souhait\u00e9 *\" value=\"\" type=\"text\" name=\"implantation\" \/><\/span>\n\t\t<\/p>\n\t<\/div>\n\t<p><span class=\"wpcf7-form-control-wrap\" data-name=\"message\"><textarea cols=\"40\" rows=\"10\" maxlength=\"2000\" class=\"wpcf7-form-control wpcf7-textarea\" aria-invalid=\"false\" placeholder=\"Message...\" name=\"message\"><\/textarea><\/span>\n\t<\/p>\n\t<p><span class=\"wpcf7-form-control-wrap\" data-name=\"cvpersonne\"><input size=\"40\" class=\"wpcf7-form-control wpcf7-file\" accept=\".pdf,.doc,.docx\" aria-invalid=\"false\" type=\"file\" name=\"cvpersonne\" \/><\/span><br \/>\n<br \/>\n<button type=\"submit\" class=\"octf-btn\">Envoyer votre message<\/button>\n\t<\/p>\n<\/div><div class=\"wpcf7-response-output\" aria-hidden=\"true\"><\/div>\n<\/form>\n<\/div>\n<\/div> \t\t\t<script>\r\n \t\t\t        var theform = document.querySelector('.maxbizz-cf7-0');\r\n\t\t\t\t\t\ttheform.addEventListener( 'wpcf7mailsent', function( event ) {\r\n\t\t\t\t\t    location = 'https:\/\/franchise.lavatrans.com\/';\r\n\t\t\t\t\t}, false );\r\n\t\t\t<\/script>\r\n\r\n\t\t\t\t\t\t<\/div>\n\t\t\t\t<\/div>\n\t\t\t\t\t<\/div>\n\t\t<\/div>\n\t\t\t\t\t<\/div>\n\t\t<\/section>\n\t\t\t\t<section class=\"elementor-section elementor-top-section elementor-element elementor-element-de4c36a elementor-section-full_width elementor-section-height-default elementor-section-height-default wpr-particle-no wpr-jarallax-no wpr-parallax-no wpr-sticky-section-no\" data-id=\"de4c36a\" data-element_type=\"section\" data-e-type=\"section\">\n\t\t\t\t\t\t<div class=\"elementor-container elementor-column-gap-default\">\n\t\t\t\t\t<div class=\"elementor-column elementor-col-100 elementor-top-column elementor-element elementor-element-96880cf ot-flex-column-vertical\" data-id=\"96880cf\" data-element_type=\"column\" data-e-type=\"column\">\n\t\t\t<div class=\"elementor-widget-wrap\">\n\t\t\t\t\t\t\t<\/div>\n\t\t<\/div>\n\t\t\t\t\t<\/div>\n\t\t<\/section>\n\t\t\t\t<\/div>\n\t\t","protected":false},"excerpt":{"rendered":"<p>CANDIDATS Devenez franchis\u00e9 Avant de se rencontrer, nous souhaiterions mieux vous connaitre. Salari\u00e9 en reconversion, investisseur, chef d&#8217;entreprise&#8230; tous les profils sont les bienvenus chez LAVATRANS. &#8220;La diversit\u00e9 de parcours et d&#8217;exp\u00e9rience est une force pour notre r\u00e9seau.&#8221; Veuillez remplir le formulaire ci-dessous, nous prendrons contact avec vous dans les plus brefs d\u00e9lais. Candidature Envoyer votre message<\/p>\n","protected":false},"author":2,"featured_media":0,"parent":0,"menu_order":0,"comment_status":"closed","ping_status":"closed","template":"elementor_theme","meta":{"content-type":"","footnotes":""},"class_list":["post-455","page","type-page","status-publish","hentry"],"yoast_head":"<!-- This site is optimized with the Yoast SEO plugin v27.2 - https:\/\/yoast.com\/product\/yoast-seo-wordpress\/ -->\n<title>Rejoindre le r\u00e9seau LAVATRANS - FRANCHISE LAVATRANS<\/title>\n<meta name=\"robots\" content=\"index, follow, max-snippet:-1, max-image-preview:large, max-video-preview:-1\" \/>\n<link rel=\"canonical\" href=\"https:\/\/franchise.lavatrans.com\/index.php\/rejoindre-le-reseau-lavatrans\/\" \/>\n<meta property=\"og:locale\" content=\"fr_FR\" \/>\n<meta property=\"og:type\" content=\"article\" \/>\n<meta property=\"og:title\" content=\"Rejoindre le r\u00e9seau LAVATRANS - FRANCHISE LAVATRANS\" \/>\n<meta property=\"og:description\" content=\"CANDIDATS Devenez franchis\u00e9 Avant de se rencontrer, nous souhaiterions mieux vous connaitre. Salari\u00e9 en reconversion, investisseur, chef d&#8217;entreprise&#8230; tous les profils sont les bienvenus chez LAVATRANS. &#8220;La diversit\u00e9 de parcours et d&#8217;exp\u00e9rience est une force pour notre r\u00e9seau.&#8221; Veuillez remplir le formulaire ci-dessous, nous prendrons contact avec vous dans les plus brefs d\u00e9lais. Candidature Envoyer votre message\" \/>\n<meta property=\"og:url\" content=\"https:\/\/franchise.lavatrans.com\/index.php\/rejoindre-le-reseau-lavatrans\/\" \/>\n<meta property=\"og:site_name\" content=\"FRANCHISE LAVATRANS\" \/>\n<meta property=\"article:publisher\" content=\"https:\/\/www.facebook.com\/lavatrans.le.propre.du.transport\/\" \/>\n<meta property=\"article:modified_time\" content=\"2021-03-11T14:59:12+00:00\" \/>\n<meta name=\"twitter:card\" content=\"summary_large_image\" \/>\n<meta name=\"twitter:site\" content=\"@Lavatrans\" \/>\n<script type=\"application\/ld+json\" class=\"yoast-schema-graph\">{\"@context\":\"https:\/\/schema.org\",\"@graph\":[{\"@type\":\"WebPage\",\"@id\":\"https:\/\/franchise.lavatrans.com\/index.php\/rejoindre-le-reseau-lavatrans\/\",\"url\":\"https:\/\/franchise.lavatrans.com\/index.php\/rejoindre-le-reseau-lavatrans\/\",\"name\":\"Rejoindre le r\u00e9seau LAVATRANS - FRANCHISE LAVATRANS\",\"isPartOf\":{\"@id\":\"https:\/\/franchise.lavatrans.com\/#website\"},\"datePublished\":\"2020-09-04T07:27:58+00:00\",\"dateModified\":\"2021-03-11T14:59:12+00:00\",\"breadcrumb\":{\"@id\":\"https:\/\/franchise.lavatrans.com\/index.php\/rejoindre-le-reseau-lavatrans\/#breadcrumb\"},\"inLanguage\":\"fr-FR\",\"potentialAction\":[{\"@type\":\"ReadAction\",\"target\":[\"https:\/\/franchise.lavatrans.com\/index.php\/rejoindre-le-reseau-lavatrans\/\"]}]},{\"@type\":\"BreadcrumbList\",\"@id\":\"https:\/\/franchise.lavatrans.com\/index.php\/rejoindre-le-reseau-lavatrans\/#breadcrumb\",\"itemListElement\":[{\"@type\":\"ListItem\",\"position\":1,\"name\":\"Accueil\",\"item\":\"https:\/\/franchise.lavatrans.com\/\"},{\"@type\":\"ListItem\",\"position\":2,\"name\":\"Rejoindre le r\u00e9seau LAVATRANS\"}]},{\"@type\":\"WebSite\",\"@id\":\"https:\/\/franchise.lavatrans.com\/#website\",\"url\":\"https:\/\/franchise.lavatrans.com\/\",\"name\":\"FRANCHISE LAVATRANS\",\"description\":\"Le propre du transport\",\"publisher\":{\"@id\":\"https:\/\/franchise.lavatrans.com\/#organization\"},\"potentialAction\":[{\"@type\":\"SearchAction\",\"target\":{\"@type\":\"EntryPoint\",\"urlTemplate\":\"https:\/\/franchise.lavatrans.com\/?s={search_term_string}\"},\"query-input\":{\"@type\":\"PropertyValueSpecification\",\"valueRequired\":true,\"valueName\":\"search_term_string\"}}],\"inLanguage\":\"fr-FR\"},{\"@type\":\"Organization\",\"@id\":\"https:\/\/franchise.lavatrans.com\/#organization\",\"name\":\"FRANCHISE LAVATRANS\",\"url\":\"https:\/\/franchise.lavatrans.com\/\",\"logo\":{\"@type\":\"ImageObject\",\"inLanguage\":\"fr-FR\",\"@id\":\"https:\/\/franchise.lavatrans.com\/#\/schema\/logo\/image\/\",\"url\":\"https:\/\/franchise.lavatrans.com\/wp-content\/uploads\/2020\/07\/logo-lavatrans.jpg\",\"contentUrl\":\"https:\/\/franchise.lavatrans.com\/wp-content\/uploads\/2020\/07\/logo-lavatrans.jpg\",\"width\":1417,\"height\":262,\"caption\":\"FRANCHISE LAVATRANS\"},\"image\":{\"@id\":\"https:\/\/franchise.lavatrans.com\/#\/schema\/logo\/image\/\"},\"sameAs\":[\"https:\/\/www.facebook.com\/lavatrans.le.propre.du.transport\/\",\"https:\/\/x.com\/Lavatrans\"]}]}<\/script>\n<!-- \/ Yoast SEO plugin. -->","yoast_head_json":{"title":"Rejoindre le r\u00e9seau LAVATRANS - FRANCHISE LAVATRANS","robots":{"index":"index","follow":"follow","max-snippet":"max-snippet:-1","max-image-preview":"max-image-preview:large","max-video-preview":"max-video-preview:-1"},"canonical":"https:\/\/franchise.lavatrans.com\/index.php\/rejoindre-le-reseau-lavatrans\/","og_locale":"fr_FR","og_type":"article","og_title":"Rejoindre le r\u00e9seau LAVATRANS - FRANCHISE LAVATRANS","og_description":"CANDIDATS Devenez franchis\u00e9 Avant de se rencontrer, nous souhaiterions mieux vous connaitre. Salari\u00e9 en reconversion, investisseur, chef d&#8217;entreprise&#8230; tous les profils sont les bienvenus chez LAVATRANS. &#8220;La diversit\u00e9 de parcours et d&#8217;exp\u00e9rience est une force pour notre r\u00e9seau.&#8221; Veuillez remplir le formulaire ci-dessous, nous prendrons contact avec vous dans les plus brefs d\u00e9lais. Candidature Envoyer votre message","og_url":"https:\/\/franchise.lavatrans.com\/index.php\/rejoindre-le-reseau-lavatrans\/","og_site_name":"FRANCHISE LAVATRANS","article_publisher":"https:\/\/www.facebook.com\/lavatrans.le.propre.du.transport\/","article_modified_time":"2021-03-11T14:59:12+00:00","twitter_card":"summary_large_image","twitter_site":"@Lavatrans","schema":{"@context":"https:\/\/schema.org","@graph":[{"@type":"WebPage","@id":"https:\/\/franchise.lavatrans.com\/index.php\/rejoindre-le-reseau-lavatrans\/","url":"https:\/\/franchise.lavatrans.com\/index.php\/rejoindre-le-reseau-lavatrans\/","name":"Rejoindre le r\u00e9seau LAVATRANS - FRANCHISE LAVATRANS","isPartOf":{"@id":"https:\/\/franchise.lavatrans.com\/#website"},"datePublished":"2020-09-04T07:27:58+00:00","dateModified":"2021-03-11T14:59:12+00:00","breadcrumb":{"@id":"https:\/\/franchise.lavatrans.com\/index.php\/rejoindre-le-reseau-lavatrans\/#breadcrumb"},"inLanguage":"fr-FR","potentialAction":[{"@type":"ReadAction","target":["https:\/\/franchise.lavatrans.com\/index.php\/rejoindre-le-reseau-lavatrans\/"]}]},{"@type":"BreadcrumbList","@id":"https:\/\/franchise.lavatrans.com\/index.php\/rejoindre-le-reseau-lavatrans\/#breadcrumb","itemListElement":[{"@type":"ListItem","position":1,"name":"Accueil","item":"https:\/\/franchise.lavatrans.com\/"},{"@type":"ListItem","position":2,"name":"Rejoindre le r\u00e9seau LAVATRANS"}]},{"@type":"WebSite","@id":"https:\/\/franchise.lavatrans.com\/#website","url":"https:\/\/franchise.lavatrans.com\/","name":"FRANCHISE LAVATRANS","description":"Le propre du transport","publisher":{"@id":"https:\/\/franchise.lavatrans.com\/#organization"},"potentialAction":[{"@type":"SearchAction","target":{"@type":"EntryPoint","urlTemplate":"https:\/\/franchise.lavatrans.com\/?s={search_term_string}"},"query-input":{"@type":"PropertyValueSpecification","valueRequired":true,"valueName":"search_term_string"}}],"inLanguage":"fr-FR"},{"@type":"Organization","@id":"https:\/\/franchise.lavatrans.com\/#organization","name":"FRANCHISE LAVATRANS","url":"https:\/\/franchise.lavatrans.com\/","logo":{"@type":"ImageObject","inLanguage":"fr-FR","@id":"https:\/\/franchise.lavatrans.com\/#\/schema\/logo\/image\/","url":"https:\/\/franchise.lavatrans.com\/wp-content\/uploads\/2020\/07\/logo-lavatrans.jpg","contentUrl":"https:\/\/franchise.lavatrans.com\/wp-content\/uploads\/2020\/07\/logo-lavatrans.jpg","width":1417,"height":262,"caption":"FRANCHISE LAVATRANS"},"image":{"@id":"https:\/\/franchise.lavatrans.com\/#\/schema\/logo\/image\/"},"sameAs":["https:\/\/www.facebook.com\/lavatrans.le.propre.du.transport\/","https:\/\/x.com\/Lavatrans"]}]}},"_links":{"self":[{"href":"https:\/\/franchise.lavatrans.com\/index.php\/wp-json\/wp\/v2\/pages\/455","targetHints":{"allow":["GET"]}}],"collection":[{"href":"https:\/\/franchise.lavatrans.com\/index.php\/wp-json\/wp\/v2\/pages"}],"about":[{"href":"https:\/\/franchise.lavatrans.com\/index.php\/wp-json\/wp\/v2\/types\/page"}],"author":[{"embeddable":true,"href":"https:\/\/franchise.lavatrans.com\/index.php\/wp-json\/wp\/v2\/users\/2"}],"replies":[{"embeddable":true,"href":"https:\/\/franchise.lavatrans.com\/index.php\/wp-json\/wp\/v2\/comments?post=455"}],"version-history":[{"count":99,"href":"https:\/\/franchise.lavatrans.com\/index.php\/wp-json\/wp\/v2\/pages\/455\/revisions"}],"predecessor-version":[{"id":3384,"href":"https:\/\/franchise.lavatrans.com\/index.php\/wp-json\/wp\/v2\/pages\/455\/revisions\/3384"}],"wp:attachment":[{"href":"https:\/\/franchise.lavatrans.com\/index.php\/wp-json\/wp\/v2\/media?parent=455"}],"curies":[{"name":"wp","href":"https:\/\/api.w.org\/{rel}","templated":true}]}}